{"id":1493,"date":"2023-05-06T16:50:49","date_gmt":"2023-05-06T19:50:49","guid":{"rendered":"http:\/\/www.rosariomurua.com.ar\/?page_id=1493"},"modified":"2023-05-07T21:09:33","modified_gmt":"2023-05-08T00:09:33","slug":"elparaiso","status":"publish","type":"page","link":"https:\/\/rosariomurua.com.ar\/en\/elparaiso\/","title":{"rendered":"El Para\u00edso"},"content":{"rendered":"<p>El Para\u00edso | 2021 &#8211; 2022<\/p>\n<p>Colaboraci\u00f3n con el <a href=\"https:\/\/estudioabentindileva.com.ar\/\" target=\"_blank\" rel=\"noopener noreferrer\">Estudio Abentin Di Leva<\/a> para el proyecto&nbsp;Finca El Para\u00edso, bodega Luigi Bosca, Mendoza.<\/p>\nngg_shortcode_0_placeholder","protected":false},"excerpt":{"rendered":"<p>El Para\u00edso | 2021 &#8211; 2022 Colaboraci\u00f3n con el Estudio Abentin Di Leva para el proyecto&nbsp;Finca El Para\u00edso, bodega Luigi Bosca, Mendoza. &#8221; order_by=&#8221;sortorder&#8221; order_direction=&#8221;ASC&#8221; returns=&#8221;included&#8221; maximum_entity_count=&#8221;500&#8243;]<\/p>","protected":false},"author":1,"featured_media":0,"parent":0,"menu_order":0,"comment_status":"closed","ping_status":"closed","template":"","meta":{"_acf_changed":false,"ngg_post_thumbnail":0,"footnotes":""},"class_list":["post-1493","page","type-page","status-publish","hentry"],"acf":[],"_links":{"self":[{"href":"https:\/\/rosariomurua.com.ar\/en\/wp-json\/wp\/v2\/pages\/1493","targetHints":{"allow":["GET"]}}],"collection":[{"href":"https:\/\/rosariomurua.com.ar\/en\/wp-json\/wp\/v2\/pages"}],"about":[{"href":"https:\/\/rosariomurua.com.ar\/en\/wp-json\/wp\/v2\/types\/page"}],"author":[{"embeddable":true,"href":"https:\/\/rosariomurua.com.ar\/en\/wp-json\/wp\/v2\/users\/1"}],"replies":[{"embeddable":true,"href":"https:\/\/rosariomurua.com.ar\/en\/wp-json\/wp\/v2\/comments?post=1493"}],"version-history":[{"count":0,"href":"https:\/\/rosariomurua.com.ar\/en\/wp-json\/wp\/v2\/pages\/1493\/revisions"}],"wp:attachment":[{"href":"https:\/\/rosariomurua.com.ar\/en\/wp-json\/wp\/v2\/media?parent=1493"}],"curies":[{"name":"wp","href":"https:\/\/api.w.org\/{rel}","templated":true}]}}