{"id":23,"date":"2017-02-19T16:24:01","date_gmt":"2017-02-19T19:24:01","guid":{"rendered":"http:\/\/www.rosariomurua.com.ar\/?page_id=23"},"modified":"2025-05-17T17:39:01","modified_gmt":"2025-05-17T20:39:01","slug":"bio","status":"publish","type":"page","link":"https:\/\/rosariomurua.com.ar\/en\/bio\/","title":{"rendered":"BIO"},"content":{"rendered":"<div class=\"wp-block-columns is-layout-flex wp-container-core-columns-is-layout-a03bfbfa wp-block-columns-is-layout-flex\" style=\"margin-top:0;margin-bottom:0;padding-top:0;padding-right:0;padding-bottom:0;padding-left:0\">\n<div class=\"wp-block-column is-layout-flow wp-block-column-is-layout-flow\" style=\"padding-right:var(--wp--preset--spacing--sm);padding-left:var(--wp--preset--spacing--sm)\">\n<figure data-wp-context=\"{&quot;imageId&quot;:&quot;69fc8d7da2f10&quot;}\" data-wp-interactive=\"core\/image\" class=\"wp-block-image size-large constrained wp-lightbox-container\"><img loading=\"lazy\" decoding=\"async\" width=\"1024\" height=\"1024\" data-wp-class--hide=\"state.isContentHidden\" data-wp-class--show=\"state.isContentVisible\" data-wp-init=\"callbacks.setButtonStyles\" data-wp-on-async--click=\"actions.showLightbox\" data-wp-on-async--load=\"callbacks.setButtonStyles\" data-wp-on-async-window--resize=\"callbacks.setButtonStyles\" src=\"http:\/\/rosariomurua.com.ar\/wp-content\/uploads\/2017\/02\/01-1-1024x1024.jpg\" alt=\"\" class=\"wp-image-1432\" style=\"object-fit:cover\" srcset=\"https:\/\/rosariomurua.com.ar\/wp-content\/uploads\/2017\/02\/01-1-1024x1024.jpg 1024w, https:\/\/rosariomurua.com.ar\/wp-content\/uploads\/2017\/02\/01-1-150x150.jpg 150w, https:\/\/rosariomurua.com.ar\/wp-content\/uploads\/2017\/02\/01-1-300x300.jpg 300w, https:\/\/rosariomurua.com.ar\/wp-content\/uploads\/2017\/02\/01-1-768x768.jpg 768w\" sizes=\"auto, (max-width: 1024px) 100vw, 1024px\" \/><button\n\t\t\tclass=\"lightbox-trigger\"\n\t\t\ttype=\"button\"\n\t\t\taria-haspopup=\"dialog\"\n\t\t\taria-label=\"Enlarge\"\n\t\t\tdata-wp-init=\"callbacks.initTriggerButton\"\n\t\t\tdata-wp-on-async--click=\"actions.showLightbox\"\n\t\t\tdata-wp-style--right=\"state.imageButtonRight\"\n\t\t\tdata-wp-style--top=\"state.imageButtonTop\"\n\t\t>\n\t\t\t<svg xmlns=\"http:\/\/www.w3.org\/2000\/svg\" width=\"12\" height=\"12\" fill=\"none\" viewbox=\"0 0 12 12\">\n\t\t\t\t<path fill=\"#fff\" d=\"M2 0a2 2 0 0 0-2 2v2h1.5V2a.5.5 0 0 1 .5-.5h2V0H2Zm2 10.5H2a.5.5 0 0 1-.5-.5V8H0v2a2 2 0 0 0 2 2h2v-1.5ZM8 12v-1.5h2a.5.5 0 0 0 .5-.5V8H12v2a2 2 0 0 1-2 2H8Zm2-12a2 2 0 0 1 2 2v2h-1.5V2a.5.5 0 0 0-.5-.5H8V0h2Z\" \/>\n\t\t\t<\/svg>\n\t\t<\/button><\/figure>\n\n\n\n<h2 class=\"wp-block-heading\">BIO<\/h2>\n\n\n\n<p>Rosario Murua es arquitecta, maestranda en morfolog\u00eda, VJ y artista visual con base en Buenos Aires, Argentina. Su obra plantea un lenguaje en el cruce entre el dise\u00f1o de espacios y el arte digital.<br>En 2010 se recibi\u00f3 de Arquitecta en la Facultad de Arquitectura, Dise\u00f1o y Urbanismo de la UBA. Desde 2010 ejerce su profesi\u00f3n. En 2013 trabaj\u00f3 en Studio Ai en Nueva York, abriendo en 2014 su sucursal en Buenos Aires.<br>Entre 2014 y 2015 curs\u00f3 la Maestr\u00eda L\u00f3gica y T\u00e9cnica de la Forma en la FADU, UBA.<br>En 2016 inicia su pr\u00e1ctica como VJ, realizando intervenciones en ciclos como Escenalab en el Centro Cultural Ricardo Rojas, \u00d3rbita en La Tangente, Sesiones Cercanas del Primer Piso en Club Cultural Matienzo y Teorema en el Centro Cultural Richards entre otros.<br>Ha participado en m\u00faltiples proyectos audiovisuales con m\u00fasicos y bailarines, recibiendo premios del Instituto Nacional del Teatro por Vor\u00e1gine y del Fondo Metropolitano de las Artes por Una voz interior y Espectros digitales distantes.<br>Su banda S\u00f3lidas y su proyecto Surubeat con B\u00e1rbara Togander siguen activos.<br>Desde 2021 es docente de Dise\u00f1o Inmersivo e Interactivo en la Licenciatura en Dise\u00f1o de la Universidad Torcuato Di Tella.<br>Actualmente desarrolla una plataforma de arquitectura param\u00e9trica Habitat on Demand y trabaja como directora de arte en experiencias digitales con un equipo multidisciplinario en el estudio _NUESTRO.<\/p>\n<\/div>\n\n\n\n<div class=\"wp-block-column is-layout-flow wp-block-column-is-layout-flow\">\n<h2 class=\"wp-block-heading\">CV<\/h2>\n\n\n\n<p><strong>Formaci\u00f3n<\/strong><br>2014 \u2013 2022 _ Lenguaje Visual _ Docente: Susana Schnell<br>2021 _ Carrera de Especializaci\u00f3n en Dise\u00f1o Estrat\u00e9gico para la Innovaci\u00f3n _ UNR<br>2014 \u2013 2015 _ Maestr\u00eda en L\u00f3gica y T\u00e9cnica de la Forma _ FADU _ UBA<br>2003 \u2013 2010 _ Arquitectura _ FADU _ UBA<br><br><strong>Docencia<\/strong><br>2021 \u2013 2023 _ Laboratorio 6 y 7, Dise\u00f1o inmersivo e interactivo _ Universidad Torcuato DiTella<br>2015 _ Morfolog\u00eda 2 _ C\u00e1tedra Arq. Liliana Giordano _ FADU _ UBA<br>2010 \u2013 2011 _ Teor\u00eda de la Arquitectura _ C\u00e1tedra Dr. Sergio Forster _ FADU _ UBA<br><br><strong>Experiencia laboral<\/strong><br>2021 \u2013 2023 _ NUestro _ Dise\u00f1o de experiencias digitales<br>2021 \u2013 2023 _ Estudio Abentin DiLeva _ Arquitectura e Interiorismo<br>2019 \u2013 2021 _ Estudio Cebra _ Arquitectura comercial<br>2014 \u2013 2019 _ Studio AI, Buenos Aires _ Arquitectura de vivienda y comercial<br>2012 \u2013 2013 _ Studio AI, Nueva York _ Arquitectura de vivienda y comercial<br>2011 \u2013 2012 _ KLM Arquitectos _ Dise\u00f1o y documentaci\u00f3n para vivienda<br>2010 \u2013 2011 _ CODEFI _ Documentaci\u00f3n y supervisi\u00f3n de obra para hoteler\u00eda<br>2009 \u2013 2010 _ Estudio Krymer _ Documentaci\u00f3n de obra para vivienda<br><br><strong>Premios<\/strong><br>2021 _ Una voz interior _ Subsidio Fondo Metropolitano de las Artes<br>2021 _ Espectros digitales distantes _ Subsidios Fondo Metropolitano de las Artes<br>2020 _ Vor\u00e1gine _ Subsidio de performance en entornos virtuales _ Instituto Nacional del Teatro<br>2016 _ Beca Bicentenario a la Creaci\u00f3n _ Fondo Nacional de las Artes<br><br><strong>Exposiciones colectivas<\/strong><br>2023 _ Entre Pixel _ Centro Cultural Ricardo Rojas<br>2021 _ Teorema-FDE _ Otra Historia Club<br>2021 _ Espectro Digitales Distantes, Nora Minc _ Festival Segundas Intenciones, Galer\u00eda Lodo<br>2020 _ Poder P\u00fablico_ EscenaLab _ Centro Cultural Ricardo Rojas<br>2019 _ Teorema-FDE _ Centro Cultural Richards<br>2019 _ Acto Reflejo _ EscenaLab _ Centro Cultural Ricardo Rojas<br>2019 _ Densidad Media _ EscenaLab _Centro Cultural Ricardo Rojas<br>2019 _ Cita al pie _ Casa Matienzo<br>2017 _ Tormenta de ideas _ Noche de los Museos_ Centro Cultural Marc\u00f3 del Pont _ Buenos Aires<br>2016 _ Los Mundos de Marco _ Centro Cultural Marc\u00f3 del Pont _ Buenos Aires<br>2014 _ Bazar de Artistas _ Espacio CREA _ Buenos Aires<\/p>\n<\/div>\n<\/div>","protected":false},"excerpt":{"rendered":"<p>BIO Rosario Murua es arquitecta, maestranda en morfolog\u00eda, VJ y artista visual con base en Buenos Aires, Argentina. Su obra plantea un lenguaje en el cruce entre el dise\u00f1o de espacios y el arte digital.En 2010 se recibi\u00f3 de Arquitecta en la Facultad de Arquitectura, Dise\u00f1o y Urbanismo de la UBA. Desde 2010 ejerce su [&hellip;]<\/p>","protected":false},"author":1,"featured_media":0,"parent":0,"menu_order":0,"comment_status":"closed","ping_status":"closed","template":"","meta":{"_acf_changed":false,"ngg_post_thumbnail":0,"footnotes":""},"class_list":["post-23","page","type-page","status-publish","hentry"],"acf":[],"_links":{"self":[{"href":"https:\/\/rosariomurua.com.ar\/en\/wp-json\/wp\/v2\/pages\/23","targetHints":{"allow":["GET"]}}],"collection":[{"href":"https:\/\/rosariomurua.com.ar\/en\/wp-json\/wp\/v2\/pages"}],"about":[{"href":"https:\/\/rosariomurua.com.ar\/en\/wp-json\/wp\/v2\/types\/page"}],"author":[{"embeddable":true,"href":"https:\/\/rosariomurua.com.ar\/en\/wp-json\/wp\/v2\/users\/1"}],"replies":[{"embeddable":true,"href":"https:\/\/rosariomurua.com.ar\/en\/wp-json\/wp\/v2\/comments?post=23"}],"version-history":[{"count":21,"href":"https:\/\/rosariomurua.com.ar\/en\/wp-json\/wp\/v2\/pages\/23\/revisions"}],"predecessor-version":[{"id":2346,"href":"https:\/\/rosariomurua.com.ar\/en\/wp-json\/wp\/v2\/pages\/23\/revisions\/2346"}],"wp:attachment":[{"href":"https:\/\/rosariomurua.com.ar\/en\/wp-json\/wp\/v2\/media?parent=23"}],"curies":[{"name":"wp","href":"https:\/\/api.w.org\/{rel}","templated":true}]}}