{"id":664,"date":"2023-05-05T19:04:33","date_gmt":"2023-05-05T22:04:33","guid":{"rendered":"http:\/\/www.rosariomurua.com.ar\/?page_id=664"},"modified":"2023-05-07T21:01:39","modified_gmt":"2023-05-08T00:01:39","slug":"modelos","status":"publish","type":"page","link":"https:\/\/rosariomurua.com.ar\/en\/modelos\/","title":{"rendered":"modelos"},"content":{"rendered":"<p>Pr\u00e1cticas para la <a href=\"https:\/\/www.instagram.com\/maestriaenforma\/\" target=\"_blank\" rel=\"noopener noreferrer\">Maestr\u00eda en L\u00f3gica y T\u00e9cnica de la Forma<\/a>, FADU, UBA.&nbsp;<\/p>\nngg_shortcode_0_placeholder\n<p>&nbsp;<\/p>\n<p><iframe loading=\"lazy\" title=\"romurua - posgrado forma\" width=\"500\" height=\"281\" src=\"https:\/\/www.youtube.com\/embed\/SqytzTWMYZI?feature=oembed\" frameborder=\"0\" allow=\"accelerometer; autoplay; clipboard-write; encrypted-media; gyroscope; picture-in-picture; web-share\" referrerpolicy=\"strict-origin-when-cross-origin\" allowfullscreen><\/iframe><\/p>","protected":false},"excerpt":{"rendered":"<p>Pr\u00e1cticas para la Maestr\u00eda en L\u00f3gica y T\u00e9cnica de la Forma, FADU, UBA.&nbsp; &#8221; order_by=&#8221;sortorder&#8221; order_direction=&#8221;ASC&#8221; returns=&#8221;included&#8221; maximum_entity_count=&#8221;500&#8243;]&nbsp; &nbsp;<\/p>","protected":false},"author":1,"featured_media":0,"parent":0,"menu_order":0,"comment_status":"closed","ping_status":"closed","template":"","meta":{"_acf_changed":false,"ngg_post_thumbnail":0,"footnotes":""},"class_list":["post-664","page","type-page","status-publish","hentry"],"acf":[],"_links":{"self":[{"href":"https:\/\/rosariomurua.com.ar\/en\/wp-json\/wp\/v2\/pages\/664","targetHints":{"allow":["GET"]}}],"collection":[{"href":"https:\/\/rosariomurua.com.ar\/en\/wp-json\/wp\/v2\/pages"}],"about":[{"href":"https:\/\/rosariomurua.com.ar\/en\/wp-json\/wp\/v2\/types\/page"}],"author":[{"embeddable":true,"href":"https:\/\/rosariomurua.com.ar\/en\/wp-json\/wp\/v2\/users\/1"}],"replies":[{"embeddable":true,"href":"https:\/\/rosariomurua.com.ar\/en\/wp-json\/wp\/v2\/comments?post=664"}],"version-history":[{"count":0,"href":"https:\/\/rosariomurua.com.ar\/en\/wp-json\/wp\/v2\/pages\/664\/revisions"}],"wp:attachment":[{"href":"https:\/\/rosariomurua.com.ar\/en\/wp-json\/wp\/v2\/media?parent=664"}],"curies":[{"name":"wp","href":"https:\/\/api.w.org\/{rel}","templated":true}]}}